{"id":671,"date":"2015-09-30T15:34:16","date_gmt":"2015-09-30T14:34:16","guid":{"rendered":"http:\/\/www.zikadonf.fr\/myspace\/?page_id=671"},"modified":"2015-09-30T15:44:10","modified_gmt":"2015-09-30T14:44:10","slug":"premieres-notions-au-piano","status":"publish","type":"page","link":"https:\/\/www.zikadonf.fr\/myspace\/premieres-notions-au-piano\/","title":{"rendered":"Premi\u00e8res notions au piano"},"content":{"rendered":"<p style=\"text-align: center;\">Connaissance du clavier<\/p>\n<p><span style=\"text-decoration: underline;\"><strong>L\u2019ordre des notes:<\/strong><\/span><br \/>\nDO-RE-MI-FA-SOL-LA-SI je monte<\/p>\n<p>DO-SI-LA-SOL-FA-MI-RE je descends<\/p>\n<p><span style=\"text-decoration: underline;\"><strong>Le num\u00e9ro des doigts:<\/strong><\/span><\/p>\n<p>le pouce, c\u2019est le 1<br \/>\nl\u2019index, c\u2019est le 2<br \/>\nle majeur, c\u2019est le 3<br \/>\nl\u2019annulaire, c\u2019est le 4<br \/>\nl\u2019auriculaire, c\u2019est le 5<\/p>\n<p><strong>ATTENTION<\/strong>:<\/p>\n<ul>\n<li>1-2-3-4-5, \u00e0 la main droite je monte<\/li>\n<li>1-2-3-4-5, \u00e0 la main gauche je descends<\/li>\n<\/ul>\n<p><strong><span style=\"text-decoration: underline;\">Pour trouver le DO<\/span><\/strong>, je rep\u00e8re les 2 touches noires, la premi\u00e8re touche blanche \u00e0 gauche ( en descendant ) c\u2019est le DO<\/p>\n<p>LES SONS GRAVES sont vers la gauche<br \/>\nLES SONS AIGUS sont vers la droite<br \/>\nLES SONS MEDIUMS sont au centre<\/p>\n","protected":false},"excerpt":{"rendered":"<p>Connaissance du clavier L\u2019ordre des notes: DO-RE-MI-FA-SOL-LA-SI je monte DO-SI-LA-SOL-FA-MI-RE je descends Le num\u00e9ro des doigts: le pouce, c\u2019est le 1 l\u2019index, c\u2019est le 2 le majeur, c\u2019est le 3 l\u2019annulaire, c\u2019est le 4 l\u2019auriculaire, c\u2019est le 5 ATTENTION: 1-2-3-4-5, \u00e0 la main droite je monte 1-2-3-4-5, \u00e0 la main gauche je descends Pour trouver&hellip; <br \/> <a class=\"button small blue\" href=\"https:\/\/www.zikadonf.fr\/myspace\/premieres-notions-au-piano\/\">Lire la suite<\/a><\/p>\n","protected":false},"author":1,"featured_media":0,"parent":0,"menu_order":0,"comment_status":"closed","ping_status":"closed","template":"","meta":{"footnotes":""},"class_list":["post-671","page","type-page","status-publish","hentry"],"_links":{"self":[{"href":"https:\/\/www.zikadonf.fr\/myspace\/wp-json\/wp\/v2\/pages\/671","targetHints":{"allow":["GET"]}}],"collection":[{"href":"https:\/\/www.zikadonf.fr\/myspace\/wp-json\/wp\/v2\/pages"}],"about":[{"href":"https:\/\/www.zikadonf.fr\/myspace\/wp-json\/wp\/v2\/types\/page"}],"author":[{"embeddable":true,"href":"https:\/\/www.zikadonf.fr\/myspace\/wp-json\/wp\/v2\/users\/1"}],"replies":[{"embeddable":true,"href":"https:\/\/www.zikadonf.fr\/myspace\/wp-json\/wp\/v2\/comments?post=671"}],"version-history":[{"count":0,"href":"https:\/\/www.zikadonf.fr\/myspace\/wp-json\/wp\/v2\/pages\/671\/revisions"}],"wp:attachment":[{"href":"https:\/\/www.zikadonf.fr\/myspace\/wp-json\/wp\/v2\/media?parent=671"}],"curies":[{"name":"wp","href":"https:\/\/api.w.org\/{rel}","templated":true}]}}